{"id":1337,"date":"2020-10-13T08:12:39","date_gmt":"2020-10-13T08:12:39","guid":{"rendered":"https:\/\/desarrollo.g4comunicacion.com\/yagger\/?page_id=1337"},"modified":"2020-10-27T08:30:22","modified_gmt":"2020-10-27T06:30:22","slug":"plan-estrategico-365","status":"publish","type":"page","link":"https:\/\/desarrollo.g4comunicacion.com\/yagger\/plan-estrategico-365\/","title":{"rendered":"Plan estrat\u00e9gico 365"},"content":{"rendered":"<p>[vc_section css=\u00bb.vc_custom_1602577930505{margin-top: 0px !important;padding-top: 0px !important;}\u00bb][vc_row][vc_column][vc_empty_space height=\u00bb100px\u00bb][vc_row_inner][vc_column_inner][vc_empty_space height=\u00bb50px\u00bb][vc_single_image image=\u00bb1343&#8243; img_size=\u00bbfull\u00bb alignment=\u00bbcenter\u00bb][vc_empty_space height=\u00bb50px\u00bb][\/vc_column_inner][\/vc_row_inner][vc_row_inner][vc_column_inner][vc_custom_heading text=\u00bbPrograma <b>estrat\u00e9gico Club 365 G<\/b>\u00bb font_container=\u00bbtag:h1|font_size:36px|text_align:center|color:%23000000|line_height:42px\u00bb google_fonts=\u00bbfont_family:Playfair%20Display%3Aregular%2Citalic%2C700%2C700italic%2C900%2C900italic|font_style:400%20regular%3A400%3Anormal\u00bb][vc_empty_space][vc_column_text]<\/p>\n<p style=\"text-align: center;\">Somos una agencia de servicios global que va m\u00e1s all\u00e1 de los 360 grados, y sabemos que nuestro secreto es serlo durante 365 d\u00edas al a\u00f1o, participar en tus proyectos de forma integral, ser parte de ti y acompa\u00f1arte para que logres tus objetivos. \u00a1Y el momento es YA!<\/p>\n<p style=\"text-align: center;\">La f\u00f3rmula es sencilla, por 1 \u20ac al d\u00eda, dispondr\u00e1s de una extensi\u00f3n de tu empresa o departamento con un equipo de especialistas asignados para ti\u2026 y una sede en Paseo de Independencia 27, Zaragoza.<\/p>\n<p style=\"text-align: center;\">Te proponemos juntar nuestras GG y ofrecerte todos los recursos necesarios para que puedas desarrollar una estrategia de marketing, publicidad y comunicaci\u00f3n global y exitosa.<\/p>\n<p>[\/vc_column_text][vc_empty_space height=\u00bb100px\u00bb][vc_custom_heading text=\u00bbVamos a hacerlo juntos. Contacta con nosotros y te lo explicamos con detalle.\u00bb font_container=\u00bbtag:h2|font_size:24px|text_align:center|line_height:30px\u00bb google_fonts=\u00bbfont_family:Playfair%20Display%3Aregular%2Citalic%2C700%2C700italic%2C900%2C900italic|font_style:700%20bold%20regular%3A700%3Anormal\u00bb][vc_column_text]<div class=\"frm_forms  with_frm_style frm_style_formidable-style\" id=\"frm_form_2_container\" >\n<form enctype=\"multipart\/form-data\" method=\"post\" class=\"frm-show-form \" id=\"form_planestrategico360\"  >\n<div class=\"frm_form_fields \">\n<fieldset>\n<legend class=\"frm_screen_reader\">Plan estrategico 360<\/legend>\r\n\r\n<div class=\"frm_fields_container\">\n<input type=\"hidden\" name=\"frm_action\" value=\"create\" \/>\n<input type=\"hidden\" name=\"form_id\" value=\"2\" \/>\n<input type=\"hidden\" name=\"frm_hide_fields_2\" id=\"frm_hide_fields_2\" value=\"\" \/>\n<input type=\"hidden\" name=\"form_key\" value=\"planestrategico360\" \/>\n<input type=\"hidden\" name=\"item_meta[0]\" value=\"\" \/>\n<input type=\"hidden\" id=\"frm_submit_entry_2\" name=\"frm_submit_entry_2\" value=\"aa49d63469\" \/><input type=\"hidden\" name=\"_wp_http_referer\" value=\"\/yagger\/wp-json\/wp\/v2\/pages\/1337\" \/><div id=\"frm_field_6_container\" class=\"frm_form_field form-field  frm_required_field frm_inside_container frm_first frm_half\">\r\n    <label for=\"field_odxlf\" id=\"field_odxlf_label\" class=\"frm_primary_label\">Nombre\r\n        <span class=\"frm_required\">*<\/span>\r\n    <\/label>\r\n    <input type=\"text\" id=\"field_odxlf\" name=\"item_meta[6]\" value=\"\"  placeholder=\"Nombre *\" data-reqmsg=\"This field cannot be blank.\" aria-required=\"true\" data-invmsg=\"Text is invalid\"  \/>\r\n    \r\n    \r\n<\/div>\n<div id=\"frm_field_7_container\" class=\"frm_form_field form-field  frm_required_field frm_inside_container frm_half\">\r\n    <label for=\"field_47ofw\" id=\"field_47ofw_label\" class=\"frm_primary_label\">Email\r\n        <span class=\"frm_required\">*<\/span>\r\n    <\/label>\r\n    <input type=\"email\" id=\"field_47ofw\" name=\"item_meta[7]\" value=\"\"  placeholder=\"Email *\" data-reqmsg=\"This field cannot be blank.\" aria-required=\"true\" data-invmsg=\"Email is invalid\"  \/>\r\n    \r\n    \r\n<\/div>\n<div id=\"frm_field_8_container\" class=\"frm_form_field form-field  frm_required_field frm_inside_container\">\r\n    <label for=\"field_p0m21\" id=\"field_p0m21_label\" class=\"frm_primary_label\">Mensaje\r\n        <span class=\"frm_required\">*<\/span>\r\n    <\/label>\r\n    <textarea name=\"item_meta[8]\" id=\"field_p0m21\" rows=\"5\"  placeholder=\"Mensaje *\" data-reqmsg=\"Este campo no puede estar vacio.\" aria-required=\"true\" data-invmsg=\"Mensaje no es v\u00e1lido\"  ><\/textarea>\r\n    \r\n    \r\n<\/div>\n<div id=\"frm_field_9_container\" class=\"frm_form_field form-field  frm_none_container\">\n    <label for=\"g-recaptcha-response\" id=\"field_abi3y_label\" class=\"frm_primary_label\">reCAPTCHA\n        <span class=\"frm_required\"><\/span>\n    <\/label>\n    <div id=\"field_abi3y\" class=\"frm-g-recaptcha\" data-sitekey=\"6LcJwDUaAAAAAI7T6AXtH-xr6nAnNnj8mIKJppVH\" data-size=\"normal\" data-theme=\"light\"><\/div>\n    \n    \n<\/div>\n<input type=\"hidden\" name=\"item_key\" value=\"\" \/>\n\t<div class=\"frm_submit\"style=\"text-align: right;\">\r\n\r\n<button class=\"frm_button_submit\" type=\"submit\"  >SOLICITAR INFO<\/button>\r\n\r\n<\/div><div class=\"frm_verify\" aria-hidden=\"true\">\n\t<label for=\"frm_verify_2\">\n\t\tSi eres humano, deja este campo en blanco.\t<\/label>\n\t<input type=\"text\" class=\"frm_verify\" id=\"frm_verify_2\" name=\"frm_verify\" value=\"\"  \/>\n<\/div>\n<\/div>\n<\/fieldset>\n<\/div>\n<\/form>\n<\/div>\n[\/vc_column_text][\/vc_column_inner][\/vc_row_inner][\/vc_column][\/vc_row][\/vc_section][vc_section full_width=\u00bbstretch_row\u00bb css=\u00bb.vc_custom_1600683687687{padding-top: 15px !important;padding-bottom: 15px !important;background-image: url(https:\/\/desarrollo.g4comunicacion.com\/yagger\/wp-content\/uploads\/2020\/09\/pie-yag.jpg?id=1255) !important;background-position: center !important;background-repeat: no-repeat !important;background-size: cover !important;}\u00bb][vc_row content_placement=\u00bbmiddle\u00bb el_id=\u00bbfoot-yag\u00bb][vc_column][vc_row_inner content_placement=\u00bbmiddle\u00bb][vc_column_inner width=\u00bb2\/3&#8243;][vc_column_text el_id=\u00bbcopy\u00bb css=\u00bb.vc_custom_1603780219521{margin-bottom: 0px !important;padding-bottom: 0px !important;}\u00bb]<\/p>\n<div style=\"float: left;\">2020. YAGGER<\/div>\n<div style=\"float: right;\"><a href=\"https:\/\/desarrollo.g4comunicacion.com\/yagger\/mision-vision-valores\/\">MISI\u00d3N\/VISI\u00d3N\/VALORES<\/a><\/div>\n<p>[\/vc_column_text][\/vc_column_inner][vc_column_inner width=\u00bb1\/3&#8243;][vc_column_text css=\u00bb.vc_custom_1600685955634{margin-bottom: 0px !important;padding-bottom: 0px !important;}\u00bb]<\/p>\n<div style=\"float: left;\"><a href=\"https:\/\/www.instagram.com\/yaggeragencia\/\" target=\"_blank\" rel=\"noopener noreferrer\"><img loading=\"lazy\" class=\"wp-image-1257 size-full\" src=\"https:\/\/desarrollo.g4comunicacion.com\/yagger\/wp-content\/uploads\/2020\/09\/instagram.png\" alt=\"\" width=\"30\" height=\"30\" \/><\/a> <a href=\"https:\/\/www.facebook.com\/G4comunicacion\/\" target=\"_blank\" rel=\"noopener noreferrer\"><img loading=\"lazy\" class=\"size-full wp-image-1256\" src=\"https:\/\/desarrollo.g4comunicacion.com\/yagger\/wp-content\/uploads\/2020\/09\/fb.png\" alt=\"\" width=\"30\" height=\"30\" \/><\/a> <a href=\"https:\/\/twitter.com\/YaggerAgencia\" target=\"_blank\" rel=\"noopener noreferrer\"><img loading=\"lazy\" class=\"size-full wp-image-1258\" src=\"https:\/\/desarrollo.g4comunicacion.com\/yagger\/wp-content\/uploads\/2020\/09\/tw.png\" alt=\"\" width=\"30\" height=\"30\" \/><\/a> <a href=\"https:\/\/www.linkedin.com\/company\/yaggeragencia\/\" target=\"_blank\" rel=\"noopener noreferrer\"><img loading=\"lazy\" class=\"size-full wp-image-1258\" src=\"https:\/\/desarrollo.g4comunicacion.com\/yagger\/wp-content\/uploads\/2020\/09\/l-in.png\" alt=\"\" width=\"30\" height=\"30\" \/><\/a> <a href=\"https:\/\/www.youtube.com\/channel\/UCD3ohes762PTcRqoZvImkpg\" target=\"_blank\" rel=\"noopener noreferrer\"><img loading=\"lazy\" class=\"size-full wp-image-1258\" src=\"https:\/\/desarrollo.g4comunicacion.com\/yagger\/wp-content\/uploads\/2020\/09\/yt.png\" alt=\"\" width=\"30\" height=\"30\" \/><\/a><\/div>\n<div style=\"float: right;\"><a href=\"mailto:info@yagger.es\" target=\"_blank\" rel=\"noopener noreferrer\"><img loading=\"lazy\" class=\"size-full wp-image-1258\" src=\"https:\/\/desarrollo.g4comunicacion.com\/yagger\/wp-content\/uploads\/2020\/09\/email.png\" alt=\"\" width=\"30\" height=\"30\" \/><\/a> <a href=\"tel:902110898\"><img loading=\"lazy\" class=\"size-full wp-image-1257\" src=\"https:\/\/desarrollo.g4comunicacion.com\/yagger\/wp-content\/uploads\/2020\/09\/phone.png\" alt=\"\" width=\"30\" height=\"30\" \/><\/a> <a href=\"https:\/\/goo.gl\/maps\/sVxXa24xCoxBcVo26\" target=\"_blank\" rel=\"noopener noreferrer\"><img loading=\"lazy\" class=\"size-full wp-image-1256\" src=\"https:\/\/desarrollo.g4comunicacion.com\/yagger\/wp-content\/uploads\/2020\/09\/marker.png\" alt=\"\" width=\"30\" height=\"30\" \/> <\/a><\/div>\n<p>[\/vc_column_text][\/vc_column_inner][\/vc_row_inner][\/vc_column][\/vc_row][\/vc_section]<\/p>\n","protected":false},"excerpt":{"rendered":"<p>[vc_section css=\u00bb.vc_custom_1602577930505{margin-top: 0px !important;padding-top: 0px !important;}\u00bb][vc_row][vc_column][vc_empty_space height=\u00bb100px\u00bb][vc_row_inner][vc_column_inner][vc_empty_space height=\u00bb50px\u00bb][vc_single_image image=\u00bb1343&#8243; img_size=\u00bbfull\u00bb alignment=\u00bbcenter\u00bb][vc_empty_space height=\u00bb50px\u00bb][\/vc_column_inner][\/vc_row_inner][vc_row_inner][vc_column_inner][vc_custom_heading text=\u00bbPrograma estrat\u00e9gico Club 365 G\u00bb font_container=\u00bbtag:h1|font_size:36px|text_align:center|color:%23000000|line_height:42px\u00bb google_fonts=\u00bbfont_family:Playfair%20Display%3Aregular%2Citalic%2C700%2C700italic%2C900%2C900italic|font_style:400%20regular%3A400%3Anormal\u00bb][vc_empty_space][vc_column_text] Somos una agencia de servicios global que va m\u00e1s all\u00e1 de los 360 grados, y sabemos que nuestro secreto es serlo durante 365 d\u00edas al a\u00f1o, participar en tus proyectos de <\/p>\n","protected":false},"author":1,"featured_media":0,"parent":0,"menu_order":0,"comment_status":"closed","ping_status":"closed","template":"","meta":[],"_links":{"self":[{"href":"https:\/\/desarrollo.g4comunicacion.com\/yagger\/wp-json\/wp\/v2\/pages\/1337"}],"collection":[{"href":"https:\/\/desarrollo.g4comunicacion.com\/yagger\/wp-json\/wp\/v2\/pages"}],"about":[{"href":"https:\/\/desarrollo.g4comunicacion.com\/yagger\/wp-json\/wp\/v2\/types\/page"}],"author":[{"embeddable":true,"href":"https:\/\/desarrollo.g4comunicacion.com\/yagger\/wp-json\/wp\/v2\/users\/1"}],"replies":[{"embeddable":true,"href":"https:\/\/desarrollo.g4comunicacion.com\/yagger\/wp-json\/wp\/v2\/comments?post=1337"}],"version-history":[{"count":5,"href":"https:\/\/desarrollo.g4comunicacion.com\/yagger\/wp-json\/wp\/v2\/pages\/1337\/revisions"}],"predecessor-version":[{"id":1412,"href":"https:\/\/desarrollo.g4comunicacion.com\/yagger\/wp-json\/wp\/v2\/pages\/1337\/revisions\/1412"}],"wp:attachment":[{"href":"https:\/\/desarrollo.g4comunicacion.com\/yagger\/wp-json\/wp\/v2\/media?parent=1337"}],"curies":[{"name":"wp","href":"https:\/\/api.w.org\/{rel}","templated":true}]}}